{"id":26,"date":"2020-11-16T22:34:07","date_gmt":"2020-11-16T21:34:07","guid":{"rendered":"http:\/\/oldfashioned.paris\/?page_id=26"},"modified":"2024-12-31T15:12:34","modified_gmt":"2024-12-31T14:12:34","slug":"contact","status":"publish","type":"page","link":"http:\/\/oldfashioned.paris\/index.php\/contact\/","title":{"rendered":"Nous !"},"content":{"rendered":"\n<div class=\"wp-block-media-text alignwide is-stacked-on-mobile\" style=\"grid-template-columns:20% auto\"><figure class=\"wp-block-media-text__media\"><img loading=\"lazy\" width=\"740\" height=\"1024\" src=\"http:\/\/oldfashioned.paris\/wp-content\/uploads\/2021\/06\/KIM-WEB-4-740x1024.jpg\" alt=\"\" class=\"wp-image-99 size-full\" srcset=\"http:\/\/oldfashioned.paris\/wp-content\/uploads\/2021\/06\/KIM-WEB-4-740x1024.jpg 740w, http:\/\/oldfashioned.paris\/wp-content\/uploads\/2021\/06\/KIM-WEB-4-217x300.jpg 217w, http:\/\/oldfashioned.paris\/wp-content\/uploads\/2021\/06\/KIM-WEB-4-768x1063.jpg 768w, http:\/\/oldfashioned.paris\/wp-content\/uploads\/2021\/06\/KIM-WEB-4.jpg 1084w\" sizes=\"(max-width: 740px) 100vw, 740px\" \/><\/figure><div class=\"wp-block-media-text__content\">\n<p class=\"has-text-color\" style=\"color:#585e63;font-size:14px\"><em>\u00ab\u00a0Apr\u00e8s 5 ans dans le milieu socio-culturel et humanitaire, 12 ans  en h\u00f4tellerie-restauration et \u00e9v\u00e8nementiel et des \u00e9tudes (en vins et spiritueux bien s\u00fbr !), j&rsquo;ai eu envie d&rsquo;entreprendre. Un v\u00e9ritable changement de vie !<\/em><\/p>\n\n\n\n<p class=\"has-text-color\" style=\"color:#585e63;font-size:14px\"><em>Aujourd&rsquo;hui &#8211; et ce depuis 9 ans d\u00e9j\u00e0 -, je suis heureuse de partager avec vous mes d\u00e9couvertes et mes rencontres avec ces producteurs qui \u00e9merveillent nos papilles au quotidien.<\/em><\/p>\n<\/div><\/div>\n\n\n\n<p class=\"has-text-color\" style=\"color:#585e63;font-size:14px\"><em>Afin de partager encore plus avec vous, je vais d\u00e9sormais investir ce site d&rsquo;articles, de notes de d\u00e9gustations et d&rsquo;interviews pour vous faire entrer un peu plus dans mon univers.<\/em><\/p>\n\n\n\n<p class=\"has-text-color\" style=\"color:#585e63;font-size:14px\">Soyez le.s bienvenu.e.s !\u00a0\u00bb<\/p>\n\n\n\n<p class=\"has-text-align-right has-white-background-color has-text-color has-background\" style=\"color:#61819b;font-size:12px\">Kim, votre caviste<\/p>\n","protected":false},"excerpt":{"rendered":"<p>\u00ab\u00a0Apr\u00e8s 5 ans dans le milieu socio-culturel et humanitaire, 12 ans en h\u00f4tellerie-restauration et \u00e9v\u00e8nementiel et des \u00e9tudes (en vins et spiritueux bien s\u00fbr !), j&rsquo;ai eu envie d&rsquo;entreprendre. Un v\u00e9ritable changement de vie ! Aujourd&rsquo;hui &#8211; et ce depuis 9 ans d\u00e9j\u00e0 -, je suis heureuse de partager avec vous mes d\u00e9couvertes et mes rencontres avec ces producteurs qui \u00e9merveillent nos papilles au quotidien. Afin de partager encore plus avec vous, je vais d\u00e9sormais investir ce site d&rsquo;articles, de notes de d\u00e9gustations et d&rsquo;interviews pour vous faire entrer un peu plus dans mon univers. Soyez le.s bienvenu.e.s !\u00a0\u00bb Kim,<\/p>\n","protected":false},"author":1,"featured_media":0,"parent":0,"menu_order":0,"comment_status":"closed","ping_status":"closed","template":"","meta":{"spay_email":""},"_links":{"self":[{"href":"http:\/\/oldfashioned.paris\/index.php\/wp-json\/wp\/v2\/pages\/26"}],"collection":[{"href":"http:\/\/oldfashioned.paris\/index.php\/wp-json\/wp\/v2\/pages"}],"about":[{"href":"http:\/\/oldfashioned.paris\/index.php\/wp-json\/wp\/v2\/types\/page"}],"author":[{"embeddable":true,"href":"http:\/\/oldfashioned.paris\/index.php\/wp-json\/wp\/v2\/users\/1"}],"replies":[{"embeddable":true,"href":"http:\/\/oldfashioned.paris\/index.php\/wp-json\/wp\/v2\/comments?post=26"}],"version-history":[{"count":17,"href":"http:\/\/oldfashioned.paris\/index.php\/wp-json\/wp\/v2\/pages\/26\/revisions"}],"predecessor-version":[{"id":766,"href":"http:\/\/oldfashioned.paris\/index.php\/wp-json\/wp\/v2\/pages\/26\/revisions\/766"}],"wp:attachment":[{"href":"http:\/\/oldfashioned.paris\/index.php\/wp-json\/wp\/v2\/media?parent=26"}],"curies":[{"name":"wp","href":"https:\/\/api.w.org\/{rel}","templated":true}]}}