{"id":32,"date":"2020-11-16T22:34:07","date_gmt":"2020-11-16T21:34:07","guid":{"rendered":"http:\/\/oldfashioned.paris\/?page_id=32"},"modified":"2025-09-24T12:18:27","modified_gmt":"2025-09-24T10:18:27","slug":"accueil","status":"publish","type":"page","link":"http:\/\/oldfashioned.paris\/index.php\/accueil\/","title":{"rendered":"Welcome to Old fashioned!"},"content":{"rendered":"\n<p style=\"font-size:15px\">Comme la plupart d&rsquo;entre vous le savez, je suis enceinte et sur la fin de ma grossesse. Etant tr\u00e8s fatigu\u00e9e, je conserve donc des horaires all\u00e9g\u00e9s jusqu&rsquo;\u00e0 mon remplacement : le mardi de 10h \u00e0 13h puis de 16h \u00e0 20h, du mercredi au samedi de 10h \u00e0 13h puis de 14h30 \u00e0 20h.<\/p>\n\n\n\n<p style=\"font-size:15px\">Pour ne rien rater de notre actualit\u00e9, suivez-nous sur instagram !<\/p>\n\n\n\n<p><\/p>\n\n\n\n<p class=\"has-text-color\" style=\"color:#3a688d;font-size:14px\"><em>As most of you already know, I&rsquo;m very pregnant. Being quite tired, I have decided to keep slightly shorter opening times. Our shop is open on tuesdays from 10am to 1pm then from 4pm to 8pm and from wednesdays to saturdays from 10am to 1pm then from 2.30pm to 8pm.. Our shop is located in the 12th, right outside Daumesnil metro station (Claude Decaen exit). We also deliver on appointment!<\/em><\/p>\n\n\n\n<p class=\"has-text-color\" style=\"color:#3a688d;font-size:14px\"><em>You don&rsquo;t want to miss out on anything? Follow us on instagram!<\/em><\/p>\n","protected":false},"excerpt":{"rendered":"<p>Comme la plupart d&rsquo;entre vous le savez, je suis enceinte et sur la fin de ma grossesse. Etant tr\u00e8s fatigu\u00e9e, je conserve donc des horaires all\u00e9g\u00e9s jusqu&rsquo;\u00e0 mon remplacement : le mardi de 10h \u00e0 13h puis de 16h \u00e0 20h, du mercredi au samedi de 10h \u00e0 13h puis de 14h30 \u00e0 20h. Pour ne rien rater de notre actualit\u00e9, suivez-nous sur instagram ! As most of you already know, I&rsquo;m very pregnant. Being quite tired, I have decided to keep slightly shorter opening times. Our shop is open on tuesdays from 10am to 1pm then from 4pm to<\/p>\n","protected":false},"author":1,"featured_media":0,"parent":0,"menu_order":0,"comment_status":"closed","ping_status":"closed","template":"","meta":{"spay_email":""},"_links":{"self":[{"href":"http:\/\/oldfashioned.paris\/index.php\/wp-json\/wp\/v2\/pages\/32"}],"collection":[{"href":"http:\/\/oldfashioned.paris\/index.php\/wp-json\/wp\/v2\/pages"}],"about":[{"href":"http:\/\/oldfashioned.paris\/index.php\/wp-json\/wp\/v2\/types\/page"}],"author":[{"embeddable":true,"href":"http:\/\/oldfashioned.paris\/index.php\/wp-json\/wp\/v2\/users\/1"}],"replies":[{"embeddable":true,"href":"http:\/\/oldfashioned.paris\/index.php\/wp-json\/wp\/v2\/comments?post=32"}],"version-history":[{"count":21,"href":"http:\/\/oldfashioned.paris\/index.php\/wp-json\/wp\/v2\/pages\/32\/revisions"}],"predecessor-version":[{"id":782,"href":"http:\/\/oldfashioned.paris\/index.php\/wp-json\/wp\/v2\/pages\/32\/revisions\/782"}],"wp:attachment":[{"href":"http:\/\/oldfashioned.paris\/index.php\/wp-json\/wp\/v2\/media?parent=32"}],"curies":[{"name":"wp","href":"https:\/\/api.w.org\/{rel}","templated":true}]}}